{"id":10414,"date":"2015-01-22T14:35:24","date_gmt":"2015-01-22T13:35:24","guid":{"rendered":"http:\/\/ticon.pl\/?page_id=10414"},"modified":"2015-03-02T10:38:05","modified_gmt":"2015-03-02T09:38:05","slug":"hoses","status":"publish","type":"page","link":"https:\/\/ticon.pl\/en\/oferta\/hoses\/","title":{"rendered":"Hoses"},"content":{"rendered":"<div style=\"width: 100%; height: 330px; margin: 20px 0 5px 0px; border: 0px solid green;\"><strong><\/strong><strong><br \/>\n<\/strong><\/p>\n<h4>Find Your hose &#8211; by aplication:<\/h4>\n<ul class=\"navlist\" style=\"margin: 0 0px 0 0px;\">\n<li><a href=\"http:\/\/ticon.pl\/oferta\/weze-przemyslowe\/\"><img decoding=\"async\" title=\"All hoses\" src=\"http:\/\/ticon.pl\/wp-content\/uploads\/images\/wszystkie_weze.png\" alt=\"all hoses\" \/><span style=\"margin-top: 1px;\">all<br \/>\nhoses<\/span><br \/>\n<\/a><\/li>\n<li><a href=\"http:\/\/ticon.pl\/oferta\/weze-przemyslowe\/substancje-farmaceutyczne-spozywcze-kosmetyczne\/\"><img decoding=\"async\" title=\"food &amp; pharma hoses\" src=\"http:\/\/ticon.pl\/wp-content\/uploads\/images\/weze_sfk_ikona.png\" alt=\"w\u0119\u017ce przemys\u0142owe spo\u017cywcze - \" \/><span style=\"margin-top: 1px;\"><br \/>\nfood &amp;<br \/>\npharma hoses<\/span><br \/>\n<\/a><\/li>\n<li><a href=\"http:\/\/ticon.pl\/oferta\/weze-przemyslowe\/gazy-techniczne\/\"><img decoding=\"async\" title=\"Technical gases.\" src=\"http:\/\/ticon.pl\/wp-content\/uploads\/images\/weze_gazy_techniczne_ikona.png\" alt=\"technical gases\" \/><span style=\"margin-top: 1px;\"><br \/>\ntechnical<br \/>\ngases<\/span><br \/>\n<\/a><\/li>\n<li><a href=\"http:\/\/ticon.pl\/oferta\/weze-przemyslowe\/sprezone-powietrze\/\"><img decoding=\"async\" title=\"Air hoses\" src=\"http:\/\/ticon.pl\/wp-content\/uploads\/images\/weze_sprezone_powietrze4_ikona.png\" alt=\"air hoses\" \/><span style=\"margin-top: 1px;\"><br \/>\nair<br \/>\nhoses<\/span><br \/>\n<\/a><\/li>\n<li><a href=\"http:\/\/ticon.pl\/oferta\/weze-przemyslowe\/substancje-chemiczne\/\"><img decoding=\"async\" title=\"Chemical hoses\" src=\"http:\/\/ticon.pl\/wp-content\/uploads\/images\/weze_substancje_chemiczne_ikona.png\" alt=\"Hemical hoses\" \/><span style=\"margin-top: 1px;\"><br \/>\nchemical<br \/>\nhoses<\/span><br \/>\n<\/a><\/li>\n<li><a href=\"http:\/\/ticon.pl\/oferta\/weze-przemyslowe\/substancje-ropopochodne\/\"><img decoding=\"async\" title=\"Fuel hoses\" src=\"http:\/\/ticon.pl\/wp-content\/uploads\/images\/weze_ropopochodne_ikona.png\" alt=\"Fuel hoses\" \/><span style=\"margin-top: 1px;\"><br \/>\nfuel<br \/>\nhoses<\/span><br \/>\n<\/a><\/li>\n<li><a href=\"http:\/\/ticon.pl\/oferta\/weze-przemyslowe\/substancje-scierne\/\"><img decoding=\"async\" title=\"Abrasion\" src=\"http:\/\/ticon.pl\/wp-content\/uploads\/images\/weze_ss2_ikona.png\" alt=\"Abrasion\" \/><span style=\"margin-top: 1px;\"><br \/>\nabrasion<br \/>\nhoses<\/span><br \/>\n<\/a><\/li>\n<li><a href=\"http:\/\/ticon.pl\/oferta\/weze-przemyslowe\/wyciagowe-i-wentylacyjne\/\"><img decoding=\"async\" title=\"W\u0119\u017ce przemys\u0142owe do odpylania, wyci\u0105gowe i wentylacyjne.\" src=\"http:\/\/ticon.pl\/wp-content\/uploads\/images\/weze_wyciagowe_i_wentylacyjne2_ikona.png\" alt=\"w\u0119\u017ce wyci\u0105gowe - \" \/><span style=\"margin-top: 1px;\">vacuum suction &#038; vent hoses<\/span><br \/>\n<\/a><\/li>\n<li><a href=\"http:\/\/ticon.pl\/oferta\/weze-przemyslowe\/wysokocisnieniowe\/\"><img decoding=\"async\" title=\"High pressure hoses\" src=\"http:\/\/ticon.pl\/wp-content\/uploads\/images\/weze_wysokocisnieniowe2_ikona.png\" alt=\"high pressure hoses\" \/><span style=\"margin-top: 1px;\"><br \/>\nhigh pressure<br \/>\nhoses<\/span><br \/>\n<\/a><\/li>\n<li><a href=\"http:\/\/ticon.pl\/oferta\/weze-przemyslowe\/para-wodna\/\"><img decoding=\"async\" title=\"Steam hoses.\" src=\"http:\/\/ticon.pl\/wp-content\/uploads\/images\/weze_para_wodna_ikona.png\" alt=\"Steam hoses\" \/><span style=\"margin-top: 1px;\"><br \/>\nsteam<br \/>\nhoses<\/span><br \/>\n<\/a><\/li>\n<li><a href=\"http:\/\/ticon.pl\/oferta\/weze-przemyslowe\/woda-zimna-i-goraca\/\"><img decoding=\"async\" title=\"Water hoses.\" src=\"http:\/\/ticon.pl\/wp-content\/uploads\/images\/weze_woda_zimna_i_goraca_ikona.png\" alt=\"Water hoses\" \/><span style=\"margin-top: 1px;\"><br \/>\nhot &amp; cold<br \/>\nwater hoses<\/span><br \/>\n<\/a><\/li>\n<li><a href=\"http:\/\/ticon.pl\/oferta\/akcesoria\/weze-oslonowe\/\"><img decoding=\"async\" title=\"protection hoses\" src=\"http:\/\/ticon.pl\/wp-content\/uploads\/images\/oslonowe.png\" alt=\"protection hoses \" \/><span style=\"margin-top: 1px;\"><br \/>\nprotection<br \/>\nhoses<\/span><br \/>\n<\/a><\/li>\n<\/ul>\n<\/div>\n<hr \/>\n<h2><strong>All hoses:<\/strong><\/h2>\n<p><div class=\"list-posts-all\"><div id=\"modul\"> <div id=\"options\" class=\"clearfix\"><h3>Poka\u017c :<\/h3><ul id=\"filters\" class=\"option-set clearfix\" data-option-key=\"filter\"> <li><a href=\"#filter\" data-option-value=\"*\" class=\"selected\">wszystkie<\/a><\/li><li><a href=\"#filter\" data-option-value=\".gumowy\">gumowy<\/a><\/li><li><a href=\"#filter\" data-option-value=\".kompozytowy\">kompozytowy<\/a><\/li><li><a href=\"#filter\" data-option-value=\".teflonowy\">teflonowy<\/a><\/li><li><a href=\"#filter\" data-option-value=\".tworzywowy\">tworzywowy<\/a><\/li><\/ul><h3>sortuj wg<\/h3><ul id=\"sort-by\" class=\"option-set clearfix\" data-option-key=\"sortBy\"><!-- <li><a href=\"#sortBy=original-order\" data-option-value=\"original-order\" class=\"selected\">domy\u015blnie<\/a><\/li> -->\r\n      <li><a href=\"#sortBy=category\" data-option-value=\"category\" class=\"selected\">budowy<\/a><\/li>\r\n      <li><a href=\"#sortBy=nazwa\" data-option-value=\"nazwa\">nazwy<\/a><\/li>\r\n      <li><a href=\"#sortBy=symbol\" data-option-value=\"symbol\">materia\u0142 warstwa wew.<\/a><\/li>\r\n      <li><a href=\"#sortBy=number\" data-option-value=\"number\">t.min<\/a><\/li>\r\n      <li><a href=\"#sortBy=number1\" data-option-value=\"number1\">t.max<\/a><\/li>\r\n      <li><a href=\"#sortBy=weight\"  data-option-value=\"weight\">ci\u015bnienia<\/a><\/li>\r\n      <!-- <li><a href=\"#sortBy=category\" data-option-value=\"category\">budowy<\/a><\/li> --><\/ul><ul id=\"sort-direction\" class=\"option-set clearfix\" data-option-key=\"sortAscending\" style=\"margin-top:7px;\"><li><a href=\"#sortAscending=true\" data-option-value=\"true\" class=\"selected\" ><img decoding=\"async\" src=\"http:\/\/ticon.pl\/wp-content\/uploads\/images\/asc-green.png\" style=\"height:18px;width:20px;border:none;\" \/><\/a><\/li>\r\n      <li><a href=\"#sortAscending=false\" data-option-value=\"false\"><img decoding=\"async\" src=\"http:\/\/ticon.pl\/wp-content\/uploads\/images\/desc-green.png\" style=\"height:18px;width:20px;border:none;\" \/><\/a><\/li><\/ul><\/div> <!-- #options --> <div id=\"con\" class=\"clearfix\"><div class=\"element gumowy\" data-symbol=\"EPDM\" data-category=\"gumowy\"><h2 class=\"nazwa\"><a href=\"https:\/\/ticon.pl\/en\/weze-gumowe-en\/nebraska\/\" class=\"link\" title=\"NEBRASKA\">NEBRASKA<\/a><\/h2><a href=\"https:\/\/ticon.pl\/en\/weze-gumowe-en\/nebraska\/\"><img decoding=\"async\" class=\"obrazek\" src=\"http:\/\/ticon.pl\/wp-content\/uploads\/images\/nebraska.png\" \/><\/a><p class=\"number\" >-40<\/p><p class=\"tmin\">T.min: -40&deg;C<\/p><p class=\"number1\">170<\/p><p class=\"tmax\">T.max: 170&deg;C<\/p><p class=\"crobocze\">Ci\u015b.Robocze<\/p><p class=\"bar\">[bar]<\/p><p class=\"weight\">8<\/p><p class=\"srednice\">&Phi; wew.<\/p><p class=\"milimetry\">51 - 76 [mm]<\/p><p class=\"budowa\">gumowy<\/p><h3 class=\"symbol\" >EPDM<\/h3><\/div><div class=\"element gumowy\" data-symbol=\"NN\" data-category=\"gumowy\"><h2 class=\"nazwa\"><a href=\"https:\/\/ticon.pl\/en\/weze-gumowe-en\/aquapal\/\" class=\"link\" title=\"AQUAPAL\">AQUAPAL<\/a><\/h2><a href=\"https:\/\/ticon.pl\/en\/weze-gumowe-en\/aquapal\/\"><img decoding=\"async\" class=\"obrazek\" src=\"http:\/\/ticon.pl\/wp-content\/uploads\/images\/aquapal.png\" \/><\/a><p class=\"number\" >-20<\/p><p class=\"tmin\">T.min: -20&deg;C<\/p><p class=\"number1\">90<\/p><p class=\"tmax\">T.max: 90&deg;C<\/p><p class=\"crobocze\">Ci\u015b.Robocze<\/p><p class=\"bar\">[bar]<\/p><p class=\"weight\">20<\/p><p class=\"srednice\">&Phi; wew.<\/p><p class=\"milimetry\">10 - 25 [mm]<\/p><p class=\"budowa\">gumowy<\/p><h3 class=\"symbol\" >NN<\/h3><\/div><div class=\"element kompozytowy\" data-symbol=\"PP+ST\" data-category=\"kompozytowy\"><h2 class=\"nazwa\"><a href=\"https:\/\/ticon.pl\/en\/weze-przemyslowe-en\/oil-marine-808-zx\/\" class=\"link\" title=\"OIL MARINE 808 ZX\">OIL MARINE 808 ZX<\/a><\/h2><a href=\"https:\/\/ticon.pl\/en\/weze-przemyslowe-en\/oil-marine-808-zx\/\"><img decoding=\"async\" class=\"obrazek\" src=\"http:\/\/ticon.pl\/wp-content\/uploads\/images\/oil-marine-808-zx.png\" \/><\/a><p class=\"number\" >-40<\/p><p class=\"tmin\">T.min: -40&deg;C<\/p><p class=\"number1\">100<\/p><p class=\"tmax\">T.max: 100&deg;C<\/p><p class=\"crobocze\">Ci\u015b.Robocze<\/p><p class=\"bar\">[bar]<\/p><p class=\"weight\">15<\/p><p class=\"srednice\">&Phi; wew.<\/p><p class=\"milimetry\">150 - 250 [mm]<\/p><p class=\"budowa\">kompozytowy<\/p><h3 class=\"symbol\" >PP+ST<\/h3><\/div><div class=\"element teflonowy\" data-symbol=\"PTFE\" data-category=\"teflonowy\"><h2 class=\"nazwa\"><a href=\"https:\/\/ticon.pl\/en\/weze-przemyslowe-en\/convo-flow-w-ss\/\" class=\"link\" title=\"CONVO-FLOW W SS\">CONVO-FLOW W SS<\/a><\/h2><a href=\"https:\/\/ticon.pl\/en\/weze-przemyslowe-en\/convo-flow-w-ss\/\"><img decoding=\"async\" class=\"obrazek\" src=\"http:\/\/ticon.pl\/wp-content\/uploads\/images\/convo-flow-w-ss.png\" \/><\/a><p class=\"number\" >-70<\/p><p class=\"tmin\">T.min: -70&deg;C<\/p><p class=\"number1\">260<\/p><p class=\"tmax\">T.max: 260&deg;C<\/p><p class=\"crobocze\">Ci\u015b.Robocze<\/p><p class=\"bar\">[bar]<\/p><p class=\"weight\">35 > 6<\/p><p class=\"srednice\">&Phi; wew.<\/p><p class=\"milimetry\">6 - 150 [mm]<\/p><p class=\"budowa\">teflonowy<\/p><h3 class=\"symbol\" >PTFE<\/h3><\/div><div class=\"element tworzywowy\" data-symbol=\"PU\" data-category=\"tworzywowy\"><h2 class=\"nazwa\"><a href=\"https:\/\/ticon.pl\/en\/weze-przemyslowe-en\/eolo-pu-as-food\/\" class=\"link\" title=\"EOLO PU AS FOOD\">EOLO PU AS FOOD<\/a><\/h2><a href=\"https:\/\/ticon.pl\/en\/weze-przemyslowe-en\/eolo-pu-as-food\/\"><img decoding=\"async\" class=\"obrazek\" src=\"http:\/\/ticon.pl\/wp-content\/uploads\/images\/eolo-pu-as-food.png\" \/><\/a><p class=\"number\" >-40<\/p><p class=\"tmin\">T.min: -40&deg;C<\/p><p class=\"number1\">80<\/p><p class=\"tmax\">T.max: 80&deg;C<\/p><p class=\"crobocze\">Ci\u015b.Robocze<\/p><p class=\"bar\">[bar]<\/p><p class=\"weight\">n<\/p><p class=\"srednice\">&Phi; wew.<\/p><p class=\"milimetry\">30 - 300 [mm]<\/p><p class=\"budowa\">tworzywowy<\/p><h3 class=\"symbol\" >PU<\/h3><\/div><div class=\"element tworzywowy\" data-symbol=\"PU\" data-category=\"tworzywowy\"><h2 class=\"nazwa\"><a href=\"https:\/\/ticon.pl\/en\/weze-przemyslowe-en\/vulcano-pu-h\/\" class=\"link\" title=\"VULCANO PU H\">VULCANO PU H<\/a><\/h2><a href=\"https:\/\/ticon.pl\/en\/weze-przemyslowe-en\/vulcano-pu-h\/\"><img decoding=\"async\" class=\"obrazek\" src=\"http:\/\/ticon.pl\/wp-content\/uploads\/images\/vulcano-pu-h.png\" \/><\/a><p class=\"number\" >-40<\/p><p class=\"tmin\">T.min: -40&deg;C<\/p><p class=\"number1\">90<\/p><p class=\"tmax\">T.max: 90&deg;C<\/p><p class=\"crobocze\">Ci\u015b.Robocze<\/p><p class=\"bar\">[bar]<\/p><p class=\"weight\">n<\/p><p class=\"srednice\">&Phi; wew.<\/p><p class=\"milimetry\">40 - 305 [mm]<\/p><p class=\"budowa\">tworzywowy<\/p><h3 class=\"symbol\" >PU<\/h3><\/div><div class=\"element tworzywowy\" data-symbol=\"TPV\" data-category=\"tworzywowy\"><h2 class=\"nazwa\"><a href=\"https:\/\/ticon.pl\/en\/weze-przemyslowe-en\/plutone-pk\/\" class=\"link\" title=\"PLUTONE PK\">PLUTONE PK<\/a><\/h2><a href=\"https:\/\/ticon.pl\/en\/weze-przemyslowe-en\/plutone-pk\/\"><img decoding=\"async\" class=\"obrazek\" src=\"http:\/\/ticon.pl\/wp-content\/uploads\/images\/plutone-pk.png\" \/><\/a><p class=\"number\" >-30<\/p><p class=\"tmin\">T.min: -30&deg;C<\/p><p class=\"number1\">80<\/p><p class=\"tmax\">T.max: 80&deg;C<\/p><p class=\"crobocze\">Ci\u015b.Robocze<\/p><p class=\"bar\">[bar]<\/p><p class=\"weight\">10<\/p><p class=\"srednice\">&Phi; wew.<\/p><p class=\"milimetry\">20 - 90 [mm]<\/p><p class=\"budowa\">tworzywowy<\/p><h3 class=\"symbol\" >TPV<\/h3><\/div><\/div> <\/div><!-- #con --> <script type=\"text\/javascript\">jQuery(document).ready(function($){\tvar $container = $('#con');\t$container.isotope({\r\n        itemSelector : '.element',\r\n        getSortData : {symbol : function( $elem ) {\r\n            return $elem.attr('data-symbol');\r\n          },category : function( $elem ) {\r\n            return $elem.attr('data-category');\r\n          },number : function( $elem ) {\r\n          return parseFloat( $elem.find('.number').text().replace( \/[\\(\\)]\/g, '') ); },number1 : function( $elem ) {\r\n          return parseFloat( $elem.find('.number1').text().replace( \/[\\(\\)]\/g, '') ); },weight : function( $elem ) {\r\n          return parseFloat( $elem.find('.weight').text().replace( \/[\\(\\)]\/g, '') ); },nazwa : function ( $elem ) {\r\n            return $elem.find('.nazwa').text(); },\r\n          }\r\n        });var $optionSets = $('#options .option-set'),\r\n          $optionLinks = $optionSets.find('a');$optionLinks.click(function(){var $this = $(this);if ( $this.hasClass('selected') ) { return false; }var $optionSet = $this.parents('.option-set');\r\n        $optionSet.find('.selected').removeClass('selected');\r\n        $this.addClass('selected');var options = {},\r\n            key = $optionSet.attr('data-option-key'),\r\n            value = $this.attr('data-option-value');value = value === 'false' ? false : value;\r\n        options[ key ] = value;if ( key === 'layoutMode' && typeof changeLayoutMode === 'function' ) {changeLayoutMode( $this, options )} else {$container.isotope( options ); }return false;\r\n      });});<\/script><\/div>&nbsp;<br \/>\nOferujemy w\u0119\u017ce przemys\u0142owe dla r\u00f3\u017cnych sektor\u00f3w przemys\u0142u. Posiadamy w ofercie w\u0119\u017ce gumowe, silikonowe, kompozytowe, metalowe, teflonowe i tworzywowe. S\u0142u\u017cymy szesnastoletnim do\u015bwiadczeniem w doborze odpowiednich produkt\u00f3w do wymog\u00f3w, norm, medi\u00f3w, warunk\u00f3w i \u015brodowiska pracy. Produkujemy przewody elastyczne w oparciu o wskazane w\u0119\u017ce i dostarczamy je wraz z wymaganymi dokumentami.<\/p>\n<p align=\"justify\"><strong>KATALOGI DO POBRANIA:<\/strong><\/p>\n<table>\n<tbody>\n<tr>\n<td style=\"text-align: center;\" align=\"center\"><a href=\"http:\/\/ticon.pl\/wp-content\/uploads\/downloads\/TICON-weze_dla_przemyslu_spozywczego_2014.pdf\"><img decoding=\"async\" src=\"http:\/\/ticon.pl\/wp-content\/uploads\/downloads\/w.spoz_ikona.jpg\" alt=\"katalog\" \/><br \/>\nw\u0119\u017ce<br \/>\nprzemys\u0142 spo\u017cywczy<br \/>\n<\/a><\/td>\n<td style=\"text-align: center;\"><a href=\"http:\/\/ticon.pl\/wp-content\/uploads\/downloads\/TICON-weze_dla_przemyslu_paliwowego.pdf\"><img decoding=\"async\" src=\"http:\/\/ticon.pl\/wp-content\/uploads\/downloads\/w.paliw_ikona.jpg\" alt=\"katalog\" \/><br \/>\nw\u0119\u017ce<br \/>\nprzemys\u0142 paliwowy<br \/>\n<\/a><\/td>\n<td style=\"text-align: center;\"><a href=\"http:\/\/ticon.pl\/wp-content\/uploads\/downloads\/TICON-weze_dla_przemyslu_chemicznego2.pdf\"><img decoding=\"async\" src=\"http:\/\/ticon.pl\/wp-content\/uploads\/downloads\/w.chem_ikona.jpg\" alt=\"katalog\" \/><br \/>\nw\u0119\u017ce<br \/>\nprzemys\u0142 chemiczny<br \/>\n<\/a><\/td>\n<td style=\"text-align: center;\" align=\"center\"><a href=\"http:\/\/ticon.pl\/wp-content\/uploads\/downloads\/TICON -weze_przemyslowe_do_odpylania_wyciagu_i_wentylacji.pdf\"><img decoding=\"async\" src=\"http:\/\/ticon.pl\/wp-content\/uploads\/downloads\/weze_odciagowe_ikona.jpg\" alt=\"katalog w\u0119\u017cy odci\u0105gowych\" \/><br \/>\nw\u0119\u017ce do<br \/>\nodpylania i odci\u0105gu<br \/>\n<\/a><\/td>\n<td style=\"text-align: center;\" align=\"center\"><a href=\"http:\/\/ticon.pl\/wp-content\/uploads\/downloads\/TICON_weze_kompozytowe.pdf\"><img decoding=\"async\" src=\"http:\/\/ticon.pl\/wp-content\/uploads\/downloads\/ikona_weze_kompozytowe.jpg\" alt=\"\" \/><br \/>\nW\u0119\u017ce<br \/>\nkompozytowe<br \/>\n<\/a><\/td>\n<\/tr>\n<\/tbody>\n<\/table>\n","protected":false},"excerpt":{"rendered":"<p>Find Your hose &#8211; by aplication: all hoses food &amp; pharma hoses technical gases air hoses chemical hoses fuel hoses abrasion hoses vacuum suction &#038; vent hoses high pressure hoses steam hoses hot &amp; cold water hoses protection hoses All hoses: Oferujemy w\u0119\u017ce przemys\u0142owe dla r\u00f3\u017cnych sektor\u00f3w przemys\u0142u. Posiadamy w ofercie w\u0119\u017ce gumowe, silikonowe, kompozytowe, [&hellip;]<\/p>\n","protected":false},"author":2,"featured_media":0,"parent":10409,"menu_order":0,"comment_status":"closed","ping_status":"closed","template":"full-width.php","meta":{"_monsterinsights_skip_tracking":false,"_monsterinsights_sitenote_active":false,"_monsterinsights_sitenote_note":"","_monsterinsights_sitenote_category":0,"ngg_post_thumbnail":0,"footnotes":""},"class_list":["post-10414","page","type-page","status-publish","hentry"],"featured_image_urls":{},"_links":{"self":[{"href":"https:\/\/ticon.pl\/en\/wp-json\/wp\/v2\/pages\/10414","targetHints":{"allow":["GET"]}}],"collection":[{"href":"https:\/\/ticon.pl\/en\/wp-json\/wp\/v2\/pages"}],"about":[{"href":"https:\/\/ticon.pl\/en\/wp-json\/wp\/v2\/types\/page"}],"author":[{"embeddable":true,"href":"https:\/\/ticon.pl\/en\/wp-json\/wp\/v2\/users\/2"}],"replies":[{"embeddable":true,"href":"https:\/\/ticon.pl\/en\/wp-json\/wp\/v2\/comments?post=10414"}],"version-history":[{"count":1,"href":"https:\/\/ticon.pl\/en\/wp-json\/wp\/v2\/pages\/10414\/revisions"}],"predecessor-version":[{"id":11562,"href":"https:\/\/ticon.pl\/en\/wp-json\/wp\/v2\/pages\/10414\/revisions\/11562"}],"up":[{"embeddable":true,"href":"https:\/\/ticon.pl\/en\/wp-json\/wp\/v2\/pages\/10409"}],"wp:attachment":[{"href":"https:\/\/ticon.pl\/en\/wp-json\/wp\/v2\/media?parent=10414"}],"curies":[{"name":"wp","href":"https:\/\/api.w.org\/{rel}","templated":true}]}}