{"id":11055,"date":"2011-11-16T20:57:52","date_gmt":"2011-11-16T19:57:52","guid":{"rendered":"http:\/\/ticon.pl\/kontakt-2\/"},"modified":"2017-12-05T11:29:07","modified_gmt":"2017-12-05T10:29:07","slug":"kontakt","status":"publish","type":"page","link":"https:\/\/ticon.pl\/en\/kontakt\/","title":{"rendered":"Contact"},"content":{"rendered":"<div class=\"full_width_col\" style=\"background-color:#fafafa; \r\n\t\t\t\t\t\t\t\t\t\t\t  border: 1px solid; border-color:#c8c8c8;\r\n\t\t\t\t\t\t\t\t\t\t\t  -moz-border-radius:6px; \r\n\t\t\t\t\t\t\t\t\t\t\t  -webkit-border-radius:6px; \r\n\t\t\t\t\t\t\t\t\t\t\t  border-radius:6px;\r\n\t\t\t\t\t\t\t\t\t\t\t  -moz-box-shadow: 2px 2px 2px #888888;\r\n\t\t\t\t\t\t\t\t\t\t\t  -webkit-box-shadow: 2px 2px 2px #888888;\r\n\t\t\t\t\t\t\t\t\t\t\t  box-shadow: 2px 2px 2px #888888;\r\n\t\t\t\t\t\t\t\t\t\t\t  height:auto;padding:2%; width:95.6%;\r\n\t\t\t\t\t\t\t\t\t\t\t  \">\n<div style=\"text-align: justify; padding: 0 15px; text-shadow: 1px 1px white;\"><img loading=\"lazy\" decoding=\"async\" class=\"alignleft size-full wp-image-2708\" title=\"firma_ticon\" src=\"https:\/\/ticon.pl\/wp-content\/uploads\/2012\/02\/firma_ticon.png\" alt=\"\" width=\"167\" height=\"74\" \/> Our company is located near Pozna\u0144, in a small place called Jasin \u2013 next to Swarz\u0119dz. Sounds a bit complicated, but just a glance look at map clarifies why we had settled there: route 92. Thanks to the excellent connection to main roads and the highways we easy can get to our customers with our advices, help or urgent supply. And on the opposite, it is also convenient to our customers to visit us.<br \/>\nOur main assets are people. Our employees are your partners who are preparing solutions and offers for you.  If you need anything from our range please do not hesitate contact us!\n<\/div>\n<p><\/div><div class=\"clear\"><\/div><br \/>\n<div class=\"full_width_col\" style=\"background-color:#fafafa; \r\n\t\t\t\t\t\t\t\t\t\t\t  border: 1px solid; border-color:#c8c8c8;\r\n\t\t\t\t\t\t\t\t\t\t\t  -moz-border-radius:6px; \r\n\t\t\t\t\t\t\t\t\t\t\t  -webkit-border-radius:6px; \r\n\t\t\t\t\t\t\t\t\t\t\t  border-radius:6px;\r\n\t\t\t\t\t\t\t\t\t\t\t  -moz-box-shadow: 2px 2px 2px #888888;\r\n\t\t\t\t\t\t\t\t\t\t\t  -webkit-box-shadow: 2px 2px 2px #888888;\r\n\t\t\t\t\t\t\t\t\t\t\t  box-shadow: 2px 2px 2px #888888;\r\n\t\t\t\t\t\t\t\t\t\t\t  height:auto;padding:2%; width:95.6%;\r\n\t\t\t\t\t\t\t\t\t\t\t  \"><\/p>\n<table style=\"height: 94px;\" width=\"790\">\n<tbody>\n<tr>\n<td colspan=\"2\"> <img loading=\"lazy\" decoding=\"async\" class=\"aligncenter wp-image-13751\" src=\"https:\/\/ticon.pl\/wp-content\/uploads\/2011\/11\/kontakty-mapka-1.png\" alt=\"kontakty mapka\" width=\"279\" height=\"260\" srcset=\"https:\/\/ticon.pl\/wp-content\/uploads\/2011\/11\/kontakty-mapka-1.png 649w, https:\/\/ticon.pl\/wp-content\/uploads\/2011\/11\/kontakty-mapka-1-300x279.png 300w\" sizes=\"auto, (max-width: 279px) 100vw, 279px\" \/><\/td>\n<td>\n<p style=\"font-size: 18px;\"><strong>TICON Sp z o.o.<\/strong><\/p>\n<p style=\"font-size: 18px;\"><strong>Swarz\u0119dz (Central)<\/strong><\/p>\n<p>Jasin, ul. Pozna\u0144ska 37<br \/>\ntel. +48 61 81 87 230<br \/>\nfax +48 61 81 87 231<\/p>\n<p><a href=\"mailto:info@ticon.pl\">info@ticon.pl<\/a><\/td>\n<td>\n<p style=\"font-size: 18px;\"><strong>        <\/strong><\/p>\n<\/td>\n<\/tr>\n<tr>\n<td><strong>Gdynia<\/strong><\/td>\n<td>tel. 695 912 223<\/td>\n<td><a href=\"mailto:bh-gdynia@ticon.pl\">bh-gdynia@ticon.pl<\/a><\/td>\n<td><\/td>\n<\/tr>\n<tr>\n<td><strong>\u0141\u00f3d\u017a<\/strong><\/td>\n<td>tel. 601 958 043<\/td>\n<td><a href=\"mailto:bh-lodz@ticon.pl\">bh-lodz@ticon.pl<\/a><\/td>\n<td><\/td>\n<\/tr>\n<tr>\n<td><strong>Katowice<\/strong><\/td>\n<td>tel. 609 763 727<\/td>\n<td><a href=\"mailto:bh-katowice@ticon.pl\">bh-katowice@ticon.pl<\/a><\/td>\n<td><\/td>\n<\/tr>\n<tr>\n<td><strong>Rzesz\u00f3w<\/strong><\/td>\n<td>tel. 518 400 965<\/td>\n<td><a href=\"mailto:bh-rzeszow@ticon.pl\">bh-rzeszow@ticon.pl<\/a><\/td>\n<td><\/td>\n<\/tr>\n<tr>\n<td><strong>Wroc\u0142aw<\/strong><\/td>\n<td>tel. 601 796 392<\/td>\n<td><a href=\"mailto:bh-wroclaw@ticon.pl\">bh-wroclaw@ticon.pl<\/a><\/td>\n<td><\/td>\n<\/tr>\n<\/tbody>\n<\/table>\n<p><\/div><div class=\"clear\"><\/div><br \/>\n<div class=\"full_width_col\" style=\"background-color:#fafafa; \r\n\t\t\t\t\t\t\t\t\t\t\t  border: 1px solid; border-color:#c8c8c8;\r\n\t\t\t\t\t\t\t\t\t\t\t  -moz-border-radius:6px; \r\n\t\t\t\t\t\t\t\t\t\t\t  -webkit-border-radius:6px; \r\n\t\t\t\t\t\t\t\t\t\t\t  border-radius:6px;\r\n\t\t\t\t\t\t\t\t\t\t\t  -moz-box-shadow: 2px 2px 2px #888888;\r\n\t\t\t\t\t\t\t\t\t\t\t  -webkit-box-shadow: 2px 2px 2px #888888;\r\n\t\t\t\t\t\t\t\t\t\t\t  box-shadow: 2px 2px 2px #888888;\r\n\t\t\t\t\t\t\t\t\t\t\t  height:auto;padding:2%; width:95.6%;\r\n\t\t\t\t\t\t\t\t\t\t\t  \"><\/p>\n<table>\n<tbody>\n<tr>\n<td style=\"text-align: center;\" align=\"center\"><img loading=\"lazy\" decoding=\"async\" style=\"margin: 0 auto; margin-top: 5px; margin-bottom: 5px;\" title=\"Izabella Taraszewska\" src=\"https:\/\/ticon.pl\/wp-content\/uploads\/personalne\/taraszewska-izabella.jpg\" alt=\"Izabella Taraszewska\" width=\"100\" height=\"125\" \/><br \/>\n<strong>Izabella Taraszewska<\/strong><br \/>\nSales Office Manager<br \/>\nkom.: +48 601 440 639<br \/>\ntel.: +48 61 81 87 246<br \/>\n<a title=\"Wy\u015blij wiadomo\u015b\u0107\" href=\"mailto:izabella.taraszewska@ticon.pl\"> izabella.taraszewska@ticon.pl<\/a><br \/>&nbsp;<\/td>\n<td style=\"text-align: center;\" align=\"center\"><img loading=\"lazy\" decoding=\"async\" style=\"margin: 0 auto; margin-top: 5px; margin-bottom: 5px;\" title=\"Grzegorz Kaczmarek\" src=\"https:\/\/ticon.pl\/wp-content\/uploads\/personalne\/kaczmarek_grzegorz.jpg\" alt=\"Grzegorz Kaczmarek\" width=\"100\" height=\"125\" \/><br \/>\n<strong>Grzegorz Kaczmarek<\/strong><br \/>\nLogistics Manager<br \/>\nkom.: 603 946 451<br \/>\ntel.: 61 8 187 249<br \/>\n<a title=\"Wy\u015blij wiadomo\u015b\u0107\" href=\"mailto:grzegorz.kaczmarek@ticon.pl\"> grzegorz.kaczmarek@ticon.pl<\/a><br \/>&nbsp;<\/td>\n<\/tr>\n<\/tbody>\n<\/table>\n<p><\/div><div class=\"clear\"><\/div><\/p>\n","protected":false},"excerpt":{"rendered":"","protected":false},"author":1,"featured_media":0,"parent":0,"menu_order":0,"comment_status":"closed","ping_status":"open","template":"right-sidebar.php","meta":{"_monsterinsights_skip_tracking":false,"_monsterinsights_sitenote_active":false,"_monsterinsights_sitenote_note":"","_monsterinsights_sitenote_category":0,"ngg_post_thumbnail":0,"footnotes":""},"class_list":["post-11055","page","type-page","status-publish","hentry"],"featured_image_urls":{},"_links":{"self":[{"href":"https:\/\/ticon.pl\/en\/wp-json\/wp\/v2\/pages\/11055","targetHints":{"allow":["GET"]}}],"collection":[{"href":"https:\/\/ticon.pl\/en\/wp-json\/wp\/v2\/pages"}],"about":[{"href":"https:\/\/ticon.pl\/en\/wp-json\/wp\/v2\/types\/page"}],"author":[{"embeddable":true,"href":"https:\/\/ticon.pl\/en\/wp-json\/wp\/v2\/users\/1"}],"replies":[{"embeddable":true,"href":"https:\/\/ticon.pl\/en\/wp-json\/wp\/v2\/comments?post=11055"}],"version-history":[{"count":3,"href":"https:\/\/ticon.pl\/en\/wp-json\/wp\/v2\/pages\/11055\/revisions"}],"predecessor-version":[{"id":14785,"href":"https:\/\/ticon.pl\/en\/wp-json\/wp\/v2\/pages\/11055\/revisions\/14785"}],"wp:attachment":[{"href":"https:\/\/ticon.pl\/en\/wp-json\/wp\/v2\/media?parent=11055"}],"curies":[{"name":"wp","href":"https:\/\/api.w.org\/{rel}","templated":true}]}}